{"id":2,"date":"2010-08-09T21:33:26","date_gmt":"2010-08-09T21:33:26","guid":{"rendered":"http:\/\/castro-coiffure.ch\/site\/?page_id=2"},"modified":"2014-04-21T20:55:04","modified_gmt":"2014-04-21T20:55:04","slug":"about","status":"publish","type":"page","link":"https:\/\/castro-coiffure.ch\/site\/?page_id=2","title":{"rendered":"\u00dcber Uns"},"content":{"rendered":"<p>Hairstylistin Susana Castro<\/p>\n<p>Professionalit\u00e4t, umfassende und pers\u00f6nliche Beratung.<a href=\"http:\/\/castro-coiffure.ch\/site\/wp-content\/uploads\/2010\/08\/Zwischenablage01.png\"><img loading=\"lazy\" decoding=\"async\" class=\"size-full wp-image-250 alignright\" title=\"Susana Castro\" src=\"http:\/\/castro-coiffure.ch\/site\/wp-content\/uploads\/2010\/08\/Zwischenablage01.png\" alt=\"\" width=\"269\" height=\"542\" \/><\/a><br \/>\nDiese beiden Werte sind in meinem Unternehmen stark verankert.<\/p>\n<p>Mein Name ist Susana Castro und ich f\u00fchre seit Oktober 2011 den Castro Coiffure Salon in Uster.<\/p>\n<p>Genie\u00dfen Sie hohe fachliche Qualit\u00e4t\u00a0 mit exzellenter Beratung.<\/p>\n<p>Mein Beruf ist meine Leidenschaft, denn ich bin Hairstylistin mit Leib und Seele.<br \/>\nPerfekte, trendorientierte Haarschnitte und Colorationen sind meine St\u00e4rken.<\/p>\n<p>Professionell \u2013 und vor allem mit ganzem Herzen.<br \/>\nIch freuen mich auf Ihren Besuch!<\/p>\n<p>&nbsp;<\/p>\n<p>&nbsp;<\/p>\n","protected":false},"excerpt":{"rendered":"<p>Hairstylistin Susana Castro Professionalit\u00e4t, umfassende und pers\u00f6nliche Beratung. Diese beiden Werte sind in meinem Unternehmen stark verankert. Mein Name ist Susana Castro und ich f\u00fchre seit Oktober 2011 den Castro Coiffure Salon in Uster. Genie\u00dfen Sie hohe fachliche Qualit\u00e4t\u00a0 mit exzellenter Beratung. Mein Beruf ist meine Leidenschaft, denn ich bin Hairstylistin mit Leib und Seele. [&hellip;]<\/p>\n","protected":false},"author":1,"featured_media":0,"parent":0,"menu_order":5,"comment_status":"closed","ping_status":"closed","template":"","meta":{"footnotes":""},"class_list":["post-2","page","type-page","status-publish","hentry"],"_links":{"self":[{"href":"https:\/\/castro-coiffure.ch\/site\/index.php?rest_route=\/wp\/v2\/pages\/2","targetHints":{"allow":["GET"]}}],"collection":[{"href":"https:\/\/castro-coiffure.ch\/site\/index.php?rest_route=\/wp\/v2\/pages"}],"about":[{"href":"https:\/\/castro-coiffure.ch\/site\/index.php?rest_route=\/wp\/v2\/types\/page"}],"author":[{"embeddable":true,"href":"https:\/\/castro-coiffure.ch\/site\/index.php?rest_route=\/wp\/v2\/users\/1"}],"replies":[{"embeddable":true,"href":"https:\/\/castro-coiffure.ch\/site\/index.php?rest_route=%2Fwp%2Fv2%2Fcomments&post=2"}],"version-history":[{"count":25,"href":"https:\/\/castro-coiffure.ch\/site\/index.php?rest_route=\/wp\/v2\/pages\/2\/revisions"}],"predecessor-version":[{"id":1118,"href":"https:\/\/castro-coiffure.ch\/site\/index.php?rest_route=\/wp\/v2\/pages\/2\/revisions\/1118"}],"wp:attachment":[{"href":"https:\/\/castro-coiffure.ch\/site\/index.php?rest_route=%2Fwp%2Fv2%2Fmedia&parent=2"}],"curies":[{"name":"wp","href":"https:\/\/api.w.org\/{rel}","templated":true}]}}